{"id":42,"date":"2023-08-11T16:52:14","date_gmt":"2023-08-11T14:52:14","guid":{"rendered":"http:\/\/www.untek-service.fr\/?page_id=42"},"modified":"2023-09-06T21:05:20","modified_gmt":"2023-09-06T19:05:20","slug":"le-forfait-depannage","status":"publish","type":"page","link":"https:\/\/www.untek-service.fr\/index.php\/le-forfait-depannage\/","title":{"rendered":"Le forfait d\u00e9pannage"},"content":{"rendered":"\n<div class=\"wp-block-group alignfull has-custom-untek-background-color has-background is-layout-flow wp-block-group-is-layout-flow\">\n<div class=\"wp-block-columns alignwide are-vertically-aligned-center is-layout-flex wp-container-core-columns-is-layout-28f84493 wp-block-columns-is-layout-flex\">\n<div class=\"wp-block-column is-layout-flow wp-block-column-is-layout-flow\">\n<p class=\"has-background-color has-text-color\" style=\"font-size:45px;line-height:1.1\"><strong>Le forfait d\u00e9pannage<\/strong><\/p>\n<\/div>\n<\/div>\n\n\n\n<div class=\"wp-block-columns alignwide is-layout-flex wp-container-core-columns-is-layout-28f84493 wp-block-columns-is-layout-flex\">\n<div class=\"wp-block-column is-vertically-aligned-bottom is-layout-flow wp-block-column-is-layout-flow\">\n<figure class=\"wp-block-image alignright size-full is-resized\"><img loading=\"lazy\" decoding=\"async\" src=\"http:\/\/www.untek-service.fr\/wp-content\/uploads\/2023\/08\/hexagone-untek-2.png\" alt=\"\" class=\"wp-image-80\" style=\"width:206px;height:224px\" width=\"206\" height=\"224\"\/><\/figure>\n\n\n\n<figure class=\"wp-block-image alignright size-full is-resized\"><img loading=\"lazy\" decoding=\"async\" src=\"http:\/\/www.untek-service.fr\/wp-content\/uploads\/2023\/08\/hexagone-untek-6.png\" alt=\"\" class=\"wp-image-76\" style=\"object-fit:contain;width:131px;height:137px\" width=\"131\" height=\"137\"\/><\/figure>\n<\/div>\n\n\n\n<div class=\"wp-block-column is-layout-flow wp-block-column-is-layout-flow\">\n<p class=\"has-background-color has-text-color has-medium-font-size\"><strong>-D\u00e9pannages 7\/7j<\/strong><\/p>\n\n\n\n<p class=\"has-background-color has-text-color has-medium-font-size\"><strong> -Le prix du forfait d\u00e9pannage d\u00e9pend de votre contrat et de l&#8217;heure de l&#8217;intervention, consultez le tableau ci-dessous<\/strong><\/p>\n\n\n\n<p class=\"has-background-color has-text-color has-medium-font-size\"><strong>-Un forfait d\u00e9pannage comprend : un d\u00e9placement et une heure de main d\u2019oeuvre. (Main-d\u2019oeuvre suppl\u00e9mentaire 60\u20acHT\/heure)<\/strong><\/p>\n<\/div>\n<\/div>\n<\/div>\n\n\n\n<div class=\"wp-block-columns is-layout-flex wp-container-core-columns-is-layout-28f84493 wp-block-columns-is-layout-flex\">\n<div class=\"wp-block-column has-custom-color-3-background-color has-background is-layout-flow wp-block-column-is-layout-flow\">\n<h2 class=\"wp-block-heading has-text-align-center has-large-font-size\">Heures ouvr\u00e9es<\/h2>\n\n\n\n<p class=\"has-text-align-center has-upper-heading-font-size\"><strong>Du lundi au vendredi: <\/strong><\/p>\n\n\n\n<p class=\"has-text-align-center has-upper-heading-font-size\"><strong>de 8H00 \u00e0 17h00<\/strong><\/p>\n<\/div>\n\n\n\n<div class=\"wp-block-column is-layout-flow wp-block-column-is-layout-flow\">\n<figure class=\"wp-block-image aligncenter size-full is-resized\"><img loading=\"lazy\" decoding=\"async\" src=\"http:\/\/www.untek-service.fr\/wp-content\/uploads\/2023\/08\/logo-untek@4x-1.png\" alt=\"\" class=\"wp-image-297\" style=\"width:225px;height:244px\" width=\"225\" height=\"244\" srcset=\"https:\/\/www.untek-service.fr\/wp-content\/uploads\/2023\/08\/logo-untek@4x-1.png 830w, https:\/\/www.untek-service.fr\/wp-content\/uploads\/2023\/08\/logo-untek@4x-1-277x300.png 277w, https:\/\/www.untek-service.fr\/wp-content\/uploads\/2023\/08\/logo-untek@4x-1-768x833.png 768w\" sizes=\"auto, (max-width: 225px) 100vw, 225px\" \/><\/figure>\n<\/div>\n\n\n\n<div class=\"wp-block-column has-custom-color-3-background-color has-background is-layout-flow wp-block-column-is-layout-flow\">\n<h2 class=\"wp-block-heading has-text-align-center has-large-font-size\">Heures d\u2019astreintes<\/h2>\n\n\n\n<p class=\"has-text-align-center has-upper-heading-font-size\"><strong>Du lundi au vendredi :<\/strong><\/p>\n\n\n\n<p class=\"has-text-align-center has-upper-heading-font-size\"><strong>de 6H00 \u00e0 8h00 et <strong>de 17h00 \u00e0 21h00<\/strong><\/strong><\/p>\n\n\n\n<p class=\"has-text-align-center has-upper-heading-font-size\"><strong>Les samedis, dimanches et jours f\u00e9ri\u00e9s de 8h00 \u00e0 19h00<\/strong><\/p>\n<\/div>\n<\/div>\n\n\n\n<figure class=\"wp-block-image alignfull\"><img loading=\"lazy\" decoding=\"async\" width=\"1024\" height=\"330\" src=\"http:\/\/www.untek-service.fr\/wp-content\/uploads\/2023\/08\/3AC4228D-CD59-47AC-B262-534D6A8A5D99-1024x330.jpeg\" alt=\"\" class=\"wp-image-290\" srcset=\"https:\/\/www.untek-service.fr\/wp-content\/uploads\/2023\/08\/3AC4228D-CD59-47AC-B262-534D6A8A5D99-1024x330.jpeg 1024w, https:\/\/www.untek-service.fr\/wp-content\/uploads\/2023\/08\/3AC4228D-CD59-47AC-B262-534D6A8A5D99-300x97.jpeg 300w, https:\/\/www.untek-service.fr\/wp-content\/uploads\/2023\/08\/3AC4228D-CD59-47AC-B262-534D6A8A5D99-768x248.jpeg 768w, https:\/\/www.untek-service.fr\/wp-content\/uploads\/2023\/08\/3AC4228D-CD59-47AC-B262-534D6A8A5D99-1536x495.jpeg 1536w, https:\/\/www.untek-service.fr\/wp-content\/uploads\/2023\/08\/3AC4228D-CD59-47AC-B262-534D6A8A5D99-2048x660.jpeg 2048w\" sizes=\"auto, (max-width: 1024px) 100vw, 1024px\" \/><\/figure>\n\n\n\n<hr class=\"wp-block-separator has-alpha-channel-opacity\"\/>\n\n\n\n<h2 class=\"wp-block-heading has-text-align-center\" id=\"we-re-a-studio-in-berlin-with-an-international-practice-in-architecture-urban-planning-and-interior-design-we-believe-in-sharing-knowledge-and-promoting-dialogue-to-increase-the-creative-potential-of-collaboration\" style=\"font-size:48px;line-height:1.1\">-Portes automatiques pi\u00e9tonnes<\/h2>\n\n\n\n<hr class=\"wp-block-separator has-alpha-channel-opacity\"\/>\n\n\n\n<h2 class=\"wp-block-heading alignfull has-text-align-center\" id=\"we-re-a-studio-in-berlin-with-an-international-practice-in-architecture-urban-planning-and-interior-design-we-believe-in-sharing-knowledge-and-promoting-dialogue-to-increase-the-creative-potential-of-collaboration\" style=\"font-size:48px;line-height:1.1\">-Portes industrielles\/ sectionnelles<\/h2>\n\n\n\n<hr class=\"wp-block-separator has-alpha-channel-opacity\"\/>\n\n\n\n<h2 class=\"wp-block-heading has-text-align-center\" id=\"we-re-a-studio-in-berlin-with-an-international-practice-in-architecture-urban-planning-and-interior-design-we-believe-in-sharing-knowledge-and-promoting-dialogue-to-increase-the-creative-potential-of-collaboration\" style=\"font-size:48px;line-height:1.1\">-Portails battants<\/h2>\n\n\n\n<hr class=\"wp-block-separator has-alpha-channel-opacity\"\/>\n\n\n\n<h2 class=\"wp-block-heading has-text-align-center\" id=\"we-re-a-studio-in-berlin-with-an-international-practice-in-architecture-urban-planning-and-interior-design-we-believe-in-sharing-knowledge-and-promoting-dialogue-to-increase-the-creative-potential-of-collaboration\" style=\"font-size:48px;line-height:1.1\">-Portails coulissants<\/h2>\n\n\n\n<hr class=\"wp-block-separator has-alpha-channel-opacity\"\/>\n\n\n\n<h2 class=\"wp-block-heading has-text-align-center\" id=\"we-re-a-studio-in-berlin-with-an-international-practice-in-architecture-urban-planning-and-interior-design-we-believe-in-sharing-knowledge-and-promoting-dialogue-to-increase-the-creative-potential-of-collaboration\" style=\"font-size:48px;line-height:1.1\">-Barri\u00e8res automatiques<\/h2>\n\n\n\n<hr class=\"wp-block-separator has-alpha-channel-opacity\"\/>\n\n\n\n<h2 class=\"wp-block-heading has-text-align-center\" id=\"we-re-a-studio-in-berlin-with-an-international-practice-in-architecture-urban-planning-and-interior-design-we-believe-in-sharing-knowledge-and-promoting-dialogue-to-increase-the-creative-potential-of-collaboration\" style=\"font-size:48px;line-height:1.1\">-Portes de garage<\/h2>\n\n\n\n<hr class=\"wp-block-separator has-alpha-channel-opacity\"\/>\n\n\n\n<h2 class=\"wp-block-heading has-text-align-center\" id=\"we-re-a-studio-in-berlin-with-an-international-practice-in-architecture-urban-planning-and-interior-design-we-believe-in-sharing-knowledge-and-promoting-dialogue-to-increase-the-creative-potential-of-collaboration\" style=\"font-size:48px;line-height:1.1\">-Rideaux m\u00e9talliques<\/h2>\n\n\n\n<hr class=\"wp-block-separator has-alpha-channel-opacity\"\/>\n","protected":false},"excerpt":{"rendered":"<p>Le forfait d\u00e9pannage -D\u00e9pannages 7\/7j -Le prix du forfait d\u00e9pannage d\u00e9pend de votre contrat et de l&#8217;heure de l&#8217;intervention, consultez le tableau ci-dessous -Un forfait d\u00e9pannage comprend : un d\u00e9placement et une heure de main d\u2019oeuvre. (Main-d\u2019oeuvre suppl\u00e9mentaire 60\u20acHT\/heure) Heures ouvr\u00e9es Du lundi au vendredi: de 8H00 \u00e0 17h00 Heures d\u2019astreintes Du lundi au vendredi [&hellip;]<\/p>\n","protected":false},"author":1,"featured_media":0,"parent":0,"menu_order":0,"comment_status":"closed","ping_status":"closed","template":"","meta":{"footnotes":""},"class_list":["post-42","page","type-page","status-publish","hentry"],"yoast_head":"<!-- This site is optimized with the Yoast SEO plugin v24.1 - https:\/\/yoast.com\/wordpress\/plugins\/seo\/ -->\n<title>Le forfait d\u00e9pannage - UNTEK<\/title>\n<meta name=\"robots\" content=\"index, follow, max-snippet:-1, max-image-preview:large, max-video-preview:-1\" \/>\n<link rel=\"canonical\" href=\"http:\/\/www.untek-service.fr\/index.php\/le-forfait-depannage\/\" \/>\n<meta property=\"og:locale\" content=\"en_US\" \/>\n<meta property=\"og:type\" content=\"article\" \/>\n<meta property=\"og:title\" content=\"Le forfait d\u00e9pannage - UNTEK\" \/>\n<meta property=\"og:description\" content=\"Le forfait d\u00e9pannage -D\u00e9pannages 7\/7j -Le prix du forfait d\u00e9pannage d\u00e9pend de votre contrat et de l&#8217;heure de l&#8217;intervention, consultez le tableau ci-dessous -Un forfait d\u00e9pannage comprend : un d\u00e9placement et une heure de main d\u2019oeuvre. (Main-d\u2019oeuvre suppl\u00e9mentaire 60\u20acHT\/heure) Heures ouvr\u00e9es Du lundi au vendredi: de 8H00 \u00e0 17h00 Heures d\u2019astreintes Du lundi au vendredi [&hellip;]\" \/>\n<meta property=\"og:url\" content=\"http:\/\/www.untek-service.fr\/index.php\/le-forfait-depannage\/\" \/>\n<meta property=\"og:site_name\" content=\"UNTEK\" \/>\n<meta property=\"article:modified_time\" content=\"2023-09-06T19:05:20+00:00\" \/>\n<meta property=\"og:image\" content=\"http:\/\/www.untek-service.fr\/wp-content\/uploads\/2023\/08\/hexagone-untek-2.png\" \/>\n<meta name=\"twitter:card\" content=\"summary_large_image\" \/>\n<meta name=\"twitter:label1\" content=\"Est. reading time\" \/>\n\t<meta name=\"twitter:data1\" content=\"1 minute\" \/>\n<script type=\"application\/ld+json\" class=\"yoast-schema-graph\">{\"@context\":\"https:\/\/schema.org\",\"@graph\":[{\"@type\":\"WebPage\",\"@id\":\"http:\/\/www.untek-service.fr\/index.php\/le-forfait-depannage\/\",\"url\":\"http:\/\/www.untek-service.fr\/index.php\/le-forfait-depannage\/\",\"name\":\"Le forfait d\u00e9pannage - UNTEK\",\"isPartOf\":{\"@id\":\"https:\/\/www.untek-service.fr\/#website\"},\"primaryImageOfPage\":{\"@id\":\"http:\/\/www.untek-service.fr\/index.php\/le-forfait-depannage\/#primaryimage\"},\"image\":{\"@id\":\"http:\/\/www.untek-service.fr\/index.php\/le-forfait-depannage\/#primaryimage\"},\"thumbnailUrl\":\"http:\/\/www.untek-service.fr\/wp-content\/uploads\/2023\/08\/hexagone-untek-2.png\",\"datePublished\":\"2023-08-11T14:52:14+00:00\",\"dateModified\":\"2023-09-06T19:05:20+00:00\",\"breadcrumb\":{\"@id\":\"http:\/\/www.untek-service.fr\/index.php\/le-forfait-depannage\/#breadcrumb\"},\"inLanguage\":\"en-US\",\"potentialAction\":[{\"@type\":\"ReadAction\",\"target\":[\"http:\/\/www.untek-service.fr\/index.php\/le-forfait-depannage\/\"]}]},{\"@type\":\"ImageObject\",\"inLanguage\":\"en-US\",\"@id\":\"http:\/\/www.untek-service.fr\/index.php\/le-forfait-depannage\/#primaryimage\",\"url\":\"https:\/\/www.untek-service.fr\/wp-content\/uploads\/2023\/08\/hexagone-untek-2-e1692788613423.png\",\"contentUrl\":\"https:\/\/www.untek-service.fr\/wp-content\/uploads\/2023\/08\/hexagone-untek-2-e1692788613423.png\",\"width\":325,\"height\":365},{\"@type\":\"BreadcrumbList\",\"@id\":\"http:\/\/www.untek-service.fr\/index.php\/le-forfait-depannage\/#breadcrumb\",\"itemListElement\":[{\"@type\":\"ListItem\",\"position\":1,\"name\":\"Accueil\",\"item\":\"https:\/\/www.untek-service.fr\/\"},{\"@type\":\"ListItem\",\"position\":2,\"name\":\"Le forfait d\u00e9pannage\"}]},{\"@type\":\"WebSite\",\"@id\":\"https:\/\/www.untek-service.fr\/#website\",\"url\":\"https:\/\/www.untek-service.fr\/\",\"name\":\"UNTEK\",\"description\":\"Portes Automatiques\",\"publisher\":{\"@id\":\"https:\/\/www.untek-service.fr\/#organization\"},\"potentialAction\":[{\"@type\":\"SearchAction\",\"target\":{\"@type\":\"EntryPoint\",\"urlTemplate\":\"https:\/\/www.untek-service.fr\/?s={search_term_string}\"},\"query-input\":{\"@type\":\"PropertyValueSpecification\",\"valueRequired\":true,\"valueName\":\"search_term_string\"}}],\"inLanguage\":\"en-US\"},{\"@type\":\"Organization\",\"@id\":\"https:\/\/www.untek-service.fr\/#organization\",\"name\":\"UNTEK\",\"url\":\"https:\/\/www.untek-service.fr\/\",\"logo\":{\"@type\":\"ImageObject\",\"inLanguage\":\"en-US\",\"@id\":\"https:\/\/www.untek-service.fr\/#\/schema\/logo\/image\/\",\"url\":\"http:\/\/www.untek-service.fr\/wp-content\/uploads\/2023\/08\/logo-untek@4x-2.png\",\"contentUrl\":\"http:\/\/www.untek-service.fr\/wp-content\/uploads\/2023\/08\/logo-untek@4x-2.png\",\"width\":830,\"height\":900,\"caption\":\"UNTEK\"},\"image\":{\"@id\":\"https:\/\/www.untek-service.fr\/#\/schema\/logo\/image\/\"},\"sameAs\":[\"https:\/\/fr.linkedin.com\/company\/untek\"]}]}<\/script>\n<!-- \/ Yoast SEO plugin. -->","yoast_head_json":{"title":"Le forfait d\u00e9pannage - UNTEK","robots":{"index":"index","follow":"follow","max-snippet":"max-snippet:-1","max-image-preview":"max-image-preview:large","max-video-preview":"max-video-preview:-1"},"canonical":"http:\/\/www.untek-service.fr\/index.php\/le-forfait-depannage\/","og_locale":"en_US","og_type":"article","og_title":"Le forfait d\u00e9pannage - UNTEK","og_description":"Le forfait d\u00e9pannage -D\u00e9pannages 7\/7j -Le prix du forfait d\u00e9pannage d\u00e9pend de votre contrat et de l&#8217;heure de l&#8217;intervention, consultez le tableau ci-dessous -Un forfait d\u00e9pannage comprend : un d\u00e9placement et une heure de main d\u2019oeuvre. (Main-d\u2019oeuvre suppl\u00e9mentaire 60\u20acHT\/heure) Heures ouvr\u00e9es Du lundi au vendredi: de 8H00 \u00e0 17h00 Heures d\u2019astreintes Du lundi au vendredi [&hellip;]","og_url":"http:\/\/www.untek-service.fr\/index.php\/le-forfait-depannage\/","og_site_name":"UNTEK","article_modified_time":"2023-09-06T19:05:20+00:00","og_image":[{"url":"http:\/\/www.untek-service.fr\/wp-content\/uploads\/2023\/08\/hexagone-untek-2.png","type":"","width":"","height":""}],"twitter_card":"summary_large_image","twitter_misc":{"Est. reading time":"1 minute"},"schema":{"@context":"https:\/\/schema.org","@graph":[{"@type":"WebPage","@id":"http:\/\/www.untek-service.fr\/index.php\/le-forfait-depannage\/","url":"http:\/\/www.untek-service.fr\/index.php\/le-forfait-depannage\/","name":"Le forfait d\u00e9pannage - UNTEK","isPartOf":{"@id":"https:\/\/www.untek-service.fr\/#website"},"primaryImageOfPage":{"@id":"http:\/\/www.untek-service.fr\/index.php\/le-forfait-depannage\/#primaryimage"},"image":{"@id":"http:\/\/www.untek-service.fr\/index.php\/le-forfait-depannage\/#primaryimage"},"thumbnailUrl":"http:\/\/www.untek-service.fr\/wp-content\/uploads\/2023\/08\/hexagone-untek-2.png","datePublished":"2023-08-11T14:52:14+00:00","dateModified":"2023-09-06T19:05:20+00:00","breadcrumb":{"@id":"http:\/\/www.untek-service.fr\/index.php\/le-forfait-depannage\/#breadcrumb"},"inLanguage":"en-US","potentialAction":[{"@type":"ReadAction","target":["http:\/\/www.untek-service.fr\/index.php\/le-forfait-depannage\/"]}]},{"@type":"ImageObject","inLanguage":"en-US","@id":"http:\/\/www.untek-service.fr\/index.php\/le-forfait-depannage\/#primaryimage","url":"https:\/\/www.untek-service.fr\/wp-content\/uploads\/2023\/08\/hexagone-untek-2-e1692788613423.png","contentUrl":"https:\/\/www.untek-service.fr\/wp-content\/uploads\/2023\/08\/hexagone-untek-2-e1692788613423.png","width":325,"height":365},{"@type":"BreadcrumbList","@id":"http:\/\/www.untek-service.fr\/index.php\/le-forfait-depannage\/#breadcrumb","itemListElement":[{"@type":"ListItem","position":1,"name":"Accueil","item":"https:\/\/www.untek-service.fr\/"},{"@type":"ListItem","position":2,"name":"Le forfait d\u00e9pannage"}]},{"@type":"WebSite","@id":"https:\/\/www.untek-service.fr\/#website","url":"https:\/\/www.untek-service.fr\/","name":"UNTEK","description":"Portes Automatiques","publisher":{"@id":"https:\/\/www.untek-service.fr\/#organization"},"potentialAction":[{"@type":"SearchAction","target":{"@type":"EntryPoint","urlTemplate":"https:\/\/www.untek-service.fr\/?s={search_term_string}"},"query-input":{"@type":"PropertyValueSpecification","valueRequired":true,"valueName":"search_term_string"}}],"inLanguage":"en-US"},{"@type":"Organization","@id":"https:\/\/www.untek-service.fr\/#organization","name":"UNTEK","url":"https:\/\/www.untek-service.fr\/","logo":{"@type":"ImageObject","inLanguage":"en-US","@id":"https:\/\/www.untek-service.fr\/#\/schema\/logo\/image\/","url":"http:\/\/www.untek-service.fr\/wp-content\/uploads\/2023\/08\/logo-untek@4x-2.png","contentUrl":"http:\/\/www.untek-service.fr\/wp-content\/uploads\/2023\/08\/logo-untek@4x-2.png","width":830,"height":900,"caption":"UNTEK"},"image":{"@id":"https:\/\/www.untek-service.fr\/#\/schema\/logo\/image\/"},"sameAs":["https:\/\/fr.linkedin.com\/company\/untek"]}]}},"_links":{"self":[{"href":"https:\/\/www.untek-service.fr\/index.php\/wp-json\/wp\/v2\/pages\/42","targetHints":{"allow":["GET"]}}],"collection":[{"href":"https:\/\/www.untek-service.fr\/index.php\/wp-json\/wp\/v2\/pages"}],"about":[{"href":"https:\/\/www.untek-service.fr\/index.php\/wp-json\/wp\/v2\/types\/page"}],"author":[{"embeddable":true,"href":"https:\/\/www.untek-service.fr\/index.php\/wp-json\/wp\/v2\/users\/1"}],"replies":[{"embeddable":true,"href":"https:\/\/www.untek-service.fr\/index.php\/wp-json\/wp\/v2\/comments?post=42"}],"version-history":[{"count":41,"href":"https:\/\/www.untek-service.fr\/index.php\/wp-json\/wp\/v2\/pages\/42\/revisions"}],"predecessor-version":[{"id":374,"href":"https:\/\/www.untek-service.fr\/index.php\/wp-json\/wp\/v2\/pages\/42\/revisions\/374"}],"wp:attachment":[{"href":"https:\/\/www.untek-service.fr\/index.php\/wp-json\/wp\/v2\/media?parent=42"}],"curies":[{"name":"wp","href":"https:\/\/api.w.org\/{rel}","templated":true}]}}